{"id":9,"date":"2023-12-01T10:31:56","date_gmt":"2023-12-01T09:31:56","guid":{"rendered":"https:\/\/wls.malo.wf\/?page_id=9"},"modified":"2023-12-07T04:52:13","modified_gmt":"2023-12-07T03:52:13","slug":"wallis-lagon-securite","status":"publish","type":"page","link":"https:\/\/wls.malo.wf\/","title":{"rendered":"Wallis Lagon S\u00e9curit\u00e9"},"content":{"rendered":"\n<p><strong>WLS<\/strong> est une association 1901 de s\u00e9curisation des eaux de Wallis: Lagon et ext\u00e9rieur <\/p>\n\n\n\n<p>Une structure associative locale qui rassemble les diff\u00e9rentes associations nautiques du territoire , les p\u00eacheurs professionnels et utilisateurs du lagon (rame, voile, kite, p\u00e8che &#8230;)  qui s\u2019inspire de la SNSM et de l\u2019association de s\u00e9curisation du lagon en Polyn\u00e9sie fran\u00e7aise .<\/p>\n\n\n\n<p>WLS oeuvre pour am\u00e9liorer la s\u00e9curit\u00e9 en mer et aider la gendarmerie \u00e0 coordonner des recherches ou des interventions de secours en mer.<\/p>\n\n\n\n<p><\/p>\n\n\n\n<p><strong><u>Principes :<\/u><\/strong> <\/p>\n\n\n\n<p><\/p>\n\n\n\n<p>L\u2019association et ses membres oeuvrent pour&nbsp;:<\/p>\n\n\n\n<ul class=\"wp-block-list\">\n<li>Mettre en place un planning de patrouille hebdomadaire pour assurer une pr\u00e9sence capable d\u2019intervenir sur l\u2019ensemble du lagon de Wallis&nbsp;&nbsp;<\/li>\n\n\n\n<li>Organiser une gestion d\u2019un stock de carburant de r\u00e9serve pour \u00eatre pr\u00eat en cas d\u2019intervention<\/li>\n\n\n\n<li>Organiser des protocoles de recherches &nbsp;et de quadrillage et aider l\u2019\u00c9tat \u00e0 coordonner les recherches de personnes ou d\u2019embarcation \u00e0 la d\u00e9rive .<\/li>\n\n\n\n<li>Organiser des r\u00e9p\u00e9titions annuelles de recherche en mer<\/li>\n<\/ul>\n\n\n\n<figure class=\"wp-block-image size-large\"><img loading=\"lazy\" decoding=\"async\" width=\"1024\" height=\"576\" src=\"https:\/\/wls.malo.wf\/wp-content\/uploads\/2023\/12\/satellite-1024x576.jpg\" alt=\"\" class=\"wp-image-87\" srcset=\"https:\/\/wls.malo.wf\/wp-content\/uploads\/2023\/12\/satellite-1024x576.jpg 1024w, https:\/\/wls.malo.wf\/wp-content\/uploads\/2023\/12\/satellite-300x169.jpg 300w, https:\/\/wls.malo.wf\/wp-content\/uploads\/2023\/12\/satellite-768x432.jpg 768w, https:\/\/wls.malo.wf\/wp-content\/uploads\/2023\/12\/satellite-1536x864.jpg 1536w, https:\/\/wls.malo.wf\/wp-content\/uploads\/2023\/12\/satellite.jpg 1920w\" sizes=\"auto, (max-width: 1024px) 100vw, 1024px\" \/><\/figure>\n\n\n\n<figure class=\"wp-block-image aligncenter size-full\"><img loading=\"lazy\" decoding=\"async\" width=\"284\" height=\"274\" src=\"https:\/\/wls.malo.wf\/wp-content\/uploads\/2023\/12\/logo-wls3-e1701551803462.png\" alt=\"\" class=\"wp-image-41\"\/><\/figure>\n\n\n<div class=\"logged-out wp-block-loginout\"><a href=\"https:\/\/wls.malo.wf\/wp-login.php?redirect_to=https%3A%2F%2Fwls.malo.wf%2Findex.php%2Fwp-json%2Fwp%2Fv2%2Fpages%2F9\">Connexion<\/a><\/div>","protected":false},"excerpt":{"rendered":"<p>WLS est une association 1901 de s\u00e9curisation des eaux de Wallis: Lagon et ext\u00e9rieur Une structure associative locale qui rassemble les diff\u00e9rentes associations nautiques du territoire , les p\u00eacheurs professionnels et utilisateurs du lagon (rame, voile, kite, p\u00e8che &#8230;) qui s\u2019inspire de la SNSM et de l\u2019association de s\u00e9curisation du lagon en Polyn\u00e9sie fran\u00e7aise . [&hellip;]<\/p>\n","protected":false},"author":1,"featured_media":88,"parent":0,"menu_order":0,"comment_status":"closed","ping_status":"closed","template":"","meta":{"footnotes":""},"class_list":["post-9","page","type-page","status-publish","has-post-thumbnail","hentry"],"_links":{"self":[{"href":"https:\/\/wls.malo.wf\/index.php\/wp-json\/wp\/v2\/pages\/9","targetHints":{"allow":["GET"]}}],"collection":[{"href":"https:\/\/wls.malo.wf\/index.php\/wp-json\/wp\/v2\/pages"}],"about":[{"href":"https:\/\/wls.malo.wf\/index.php\/wp-json\/wp\/v2\/types\/page"}],"author":[{"embeddable":true,"href":"https:\/\/wls.malo.wf\/index.php\/wp-json\/wp\/v2\/users\/1"}],"replies":[{"embeddable":true,"href":"https:\/\/wls.malo.wf\/index.php\/wp-json\/wp\/v2\/comments?post=9"}],"version-history":[{"count":12,"href":"https:\/\/wls.malo.wf\/index.php\/wp-json\/wp\/v2\/pages\/9\/revisions"}],"predecessor-version":[{"id":136,"href":"https:\/\/wls.malo.wf\/index.php\/wp-json\/wp\/v2\/pages\/9\/revisions\/136"}],"wp:featuredmedia":[{"embeddable":true,"href":"https:\/\/wls.malo.wf\/index.php\/wp-json\/wp\/v2\/media\/88"}],"wp:attachment":[{"href":"https:\/\/wls.malo.wf\/index.php\/wp-json\/wp\/v2\/media?parent=9"}],"curies":[{"name":"wp","href":"https:\/\/api.w.org\/{rel}","templated":true}]}}