{"id":201,"date":"2024-09-13T00:19:13","date_gmt":"2024-09-12T22:19:13","guid":{"rendered":"https:\/\/wls.malo.wf\/?page_id=201"},"modified":"2024-09-13T12:46:12","modified_gmt":"2024-09-13T10:46:12","slug":"bilan-dactivite-2024","status":"publish","type":"page","link":"https:\/\/wls.malo.wf\/index.php\/bilan-dactivite-2024\/","title":{"rendered":"Bilan d&rsquo;activit\u00e9 2024"},"content":{"rendered":"\n<h1 class=\"wp-block-heading\"><img loading=\"lazy\" decoding=\"async\" width=\"57\" height=\"55\" src=\"blob:https:\/\/wls.malo.wf\/1c67e14d-0ae1-4642-a93e-19215d1cb831\">Bilan d&rsquo;Activit\u00e9&nbsp;&nbsp;2024 <\/h1>\n\n\n\n<p><strong>Du 2 mars 2024 (d\u00e9marrage) au 9 septembre 2024<\/strong> (6 mois pour changer la s\u00e9curit\u00e9 en mer \u00e0 Wallis )<\/p>\n\n\n\n<p>L&rsquo;Association Wallis Lagon S\u00e9curit\u00e9 a officiellement lanc\u00e9 ses op\u00e9rations le 2 mars 2024, marquant le d\u00e9but d&rsquo;une s\u00e9rie d\u2019entra\u00eenements et simulations hebdomadaires con\u00e7ues pour tester et renforcer nos capacit\u00e9s d&rsquo;intervention et de gestion des urgences maritimes. C\u2019est \u00e9galement une date qui marque le d\u00e9but de l\u2019astreinte permanente mise en place par WLS ainsi que du maintien permanent d\u2019un moyen&nbsp;&nbsp;op\u00e9rationnel&nbsp;( bateau WLS1 de 5,5m moteur 80ch ) \u00e0&nbsp;&nbsp;l\u2019eau dans la baie de Gahi mobilisable \u00e0 mar\u00e9e haute et basse en cas de besoin de la gendarmerie de Wallis. Maintien \u00e9galement du Jet ski + planche de rescue (sled) toujours disponibles et op\u00e9rationnels \u00e0 disposition \u00e0 Matala\u2019a (5min de la mise \u00e0 l\u2019eau).<\/p>\n\n\n\n<p><strong>Formations ext\u00e9rieures&nbsp;:<\/strong><\/p>\n\n\n\n<p>12 janvier&nbsp;: Participation \u00e0 un exercice de recherche d\u2019un corps de nuit avec la SNSM de Gruissan<\/p>\n\n\n\n<p>10 avril&nbsp;: Participation exercice de remorquage avec la SNSM de Noum\u00e9a<\/p>\n\n\n\n<p>6 mai&nbsp;: s\u00e9curisation \u00e9v\u00e8nement&nbsp;: le d\u00e9fi wind avec la SNSM de Gruissan (SR 7) 1500 participants en windsurf, kitesurf, wingfoil<\/p>\n\n\n\n<p>9 mai&nbsp;: formation jet ski avec le CFI SNSM de Toulouse puis s\u00e9curisation des \u00e9preuves du d\u00e9fi wing<\/p>\n\n\n\n<p>13-14 mai&nbsp;: Formation au PNF SNSM de Saint Nazaire&nbsp;;<\/p>\n\n\n\n<ul class=\"wp-block-list\">\n<li><strong>Utilisation de la vhf<\/strong>&nbsp;et fonctions ANS<\/li>\n\n\n\n<li><strong>Maintenance<\/strong>&nbsp;d\u2019un Sr et son \u00e9quipement<\/li>\n\n\n\n<li><strong>Pilotage<\/strong>&nbsp;en mer form\u00e9e sur un SRA 7,5m<\/li>\n\n\n\n<li>Placement de patern de&nbsp;<strong>recherche sur un GPS<\/strong><\/li>\n\n\n\n<li>Appropriation&nbsp;&nbsp;des formations SNSM et&nbsp;<strong>construction du plan de formation SNSM\/WLS 2024 2028<\/strong><\/li>\n<\/ul>\n\n\n\n<h2 class=\"wp-block-heading\">Bilan Synth\u00e9tique<\/h2>\n\n\n\n<ul class=\"wp-block-list\">\n<li><strong>45 personnes secourues<\/strong><\/li>\n\n\n\n<li>1 d\u00e9c\u00e8s<\/li>\n\n\n\n<li>16 simulations et entra\u00eenements&nbsp;&nbsp;incluant des simulations et interventions diversifi\u00e9es<\/li>\n\n\n\n<li>10 s\u00e9curisations de comp\u00e9tition&nbsp;: (rame , kitesurf ou sortie scolaire PMT )<\/li>\n\n\n\n<li>5 interventions&nbsp;&nbsp;(4 secours , 1 assistance )<\/li>\n<\/ul>\n\n\n\n<p>Total&nbsp;:&nbsp;<strong>31 sorties en 6 mois<\/strong>&nbsp;pour les \u00e9quipes WLS<\/p>\n\n\n\n<p><strong>Effectif WLS&nbsp;:<\/strong><strong><\/strong><\/p>\n\n\n\n<p>29 b\u00e9n\u00e9voles&nbsp;dont 27 ont particip\u00e9 \u00e0 des entra\u00eenements en mer.<\/p>\n\n\n\n<p>19 r\u00e9unions de pr\u00e9paration des entra\u00eenements, briefing ou d\u00e9briefing des interventions<\/p>\n\n\n\n<p><strong>Moyens op\u00e9rationnels&nbsp;WLS :<\/strong><\/p>\n\n\n\n<p>Il est important de noter que ces moyens sont mis \u00e0 disposition par un particulier mais ne sont pas actifs de l\u2019association.&nbsp;<\/p>\n\n\n\n<p><strong>1 Bateau permanent<\/strong>&nbsp;de&nbsp;<strong>5,5m<\/strong>&nbsp;Fibre cabine monomoteur 80 ch WLS1&nbsp;: baie de Gahi<br>\u00c9quipement&nbsp;: gilets, ancre flottante, balise AIS MOB, torche, spot, Vhf , GPS&nbsp;&nbsp;<br>valeur&nbsp;&nbsp;&nbsp;&nbsp;&nbsp;&nbsp;1 000 000 XPF mis \u00e0 disposition par B. Negraz<\/p>\n\n\n\n<p><strong>1 jet ski<\/strong>&nbsp;Yamaha EX + Sled (planche de rescue) sur remorque \u00e0 Matala\u2019a<br>&nbsp;valeur 1 700 000 XPF mis \u00e0 disposition par B. Negraz<\/p>\n\n\n\n<p><strong>1 bateau de secours<\/strong>&nbsp;WLS2 (<strong>4,85m<\/strong>&nbsp;monomoteur 70cv) : toujours \u00e0 l\u2019eau \u00e0 baie de Gahi <br>valeur 4 500 000 XPF mis \u00e0 disposition par B Negraz<\/p>\n\n\n\n<p>permet d\u2019engager plus d\u2019\u00e9quipiers dans les entra\u00eenements et d\u2019intervenir \u00e0 2 bateaux quand cela est n\u00e9cessaire (par exemple intervention du 31 ao\u00fbt)<\/p>\n\n\n\n<p>En 6 mois nous avons d\u00fb effectuer 3 op\u00e9rations de maintenance sur WLS1, (remplacement pompe de cale, batterie, nettoyage coque, installation GPS, phare de recherche et mat\u00e9riel de sauvetage) bien heureusement le bateau de secours WLS2 a pu prendre le relais pendant ces p\u00e9riodes et maintenir nos capacit\u00e9s op\u00e9rationnelles.<\/p>\n\n\n\n<h2 class=\"wp-block-heading\">Jumelage avec la SNSM de Gruissan et Soutien de la SNSM France<\/h2>\n\n\n\n<p>Notre association a b\u00e9n\u00e9fici\u00e9 d&rsquo;un jumelage avec la SNSM de Gruissan ainsi que du soutien de la SNSM France, nous donnant acc\u00e8s \u00e0 toutes les proc\u00e9dures op\u00e9rationnelles et de secours utilis\u00e9es par les sauveteurs de la SNSM. Cela a enrichi notre savoir-faire et renforc\u00e9 nos protocoles d&rsquo;intervention, assurant une formation de haut niveau \u00e0 nos \u00e9quipes et une standardisation de nos m\u00e9thodes de secours. Nous avons trouv\u00e9 \u00e0 Gruissan un formateur passionn\u00e9 en la personne de Bertrand Jaouen qui a \u00e9t\u00e9 un v\u00e9ritable mentor pour nous. Il est d\u2019ailleurs le premier \u00e0 s\u2019\u00eatre port\u00e9 volontaire pour un d\u00e9placement formation vers Wallis. Il est formateur SNSM en charge du bassin m\u00e9diterran\u00e9en. Projet de formation locale que nous souhaitons vivement aboutir en fin 2024.<\/p>\n\n\n\n<h2 class=\"wp-block-heading\">Convention avec SNSM et soutien de son pr\u00e9sident<\/h2>\n\n\n\n<p>Notre association a b\u00e9n\u00e9fici\u00e9 d&rsquo;un soutien solide de la part de la SNSM. Que ce soit lorsque nous avons rencontr\u00e9 la SNSM de Gruissan, ou l\u2019antenne de Noum\u00e9a, nous avons \u00e9t\u00e9 tr\u00e8s chaleureusement accueillis et nous avons tiss\u00e9 des liens solides qui nous ont permis d\u2019apprendre en ces premiers mois de fonctionnement. La rencontre avec le centre de formation et d\u2019intervention de Toulouse (formation jet ski lors du d\u00e9placement en m\u00e9tropole mai 2024) a \u00e9t\u00e9 \u00e9galement tr\u00e8s b\u00e9n\u00e9fique et nous a permis de monter en comp\u00e9tence en ce qui concerne l\u2019utilisation du jet ski pour du sauvetage. Le d\u00e9placement \u00e0 Sant Nazaire au p\u00f4le National de Formation de la SNSM a \u00e9galement \u00e9t\u00e9 un moment cl\u00e9 pour notre structure. Nous avons ainsi pu b\u00e9n\u00e9ficier d\u2019un vrai apport dans notre approche du sauvetage (formation GPS, radio vhf ASN, pilotage en mer form\u00e9e et maintenance d\u2019un semi rigide) et \u00e9galement construit un plan de formation solide pour les 5 prochaines ann\u00e9es.<\/p>\n\n\n\n<p>Nous remercions sinc\u00e8rement le pr\u00e9sident national de la SNSM, Emanuel De Oliveira, qui a permis tout cela.<\/p>\n\n\n\n<p>Une convention qui lie la WLS et la SNSM a \u00e9t\u00e9 sign\u00e9e.Elle mentionne le don d\u2019un semi rigide de 6m monomoteur 115ch et de mat\u00e9riel de sauvetage qui sera achemin\u00e9 le 10 aout vers Wallis (arriv\u00e9e estim\u00e9e 11 novembre) et t\u00e9moigne de engagement des deux strucures.<\/p>\n\n\n\n<h2 class=\"wp-block-heading\">D\u00e9tail des entrainements, s\u00e9curisations et interventions<\/h2>\n\n\n\n<p>2 mars : Lancement de la structure&nbsp;: Double exercice&nbsp;<\/p>\n\n\n\n<ul class=\"wp-block-list\">\n<li>Simulation&nbsp;de d\u00e9clenchement d&rsquo;un bateau en panne et exercice de remorquage avec une remorque d&rsquo;attelage dans la zone des \u00eelots du sud.<\/li>\n\n\n\n<li>Recherche coordonn\u00e9e avec 10 bateaux (battue avec 10 bateaux pour rechercher un corps \u00e0 la d\u00e9rive (gilet avec tracker)<\/li>\n<\/ul>\n\n\n\n<p>Une belle preuve que de nombreux utilisateurs du lagon sont concern\u00e9s par le sauvetage en mer, 10 bateaux se sont d\u00e9plac\u00e9s pour venir participer aux recherches.<\/p>\n\n\n\n<p>10 mars :&nbsp;Simulation&nbsp;: Recherche en lacets avec deux bateaux pour localiser un corps \u00e0 la d\u00e9rive, testant la pr\u00e9cision et l&rsquo;efficacit\u00e9 des techniques de recherche.<\/p>\n\n\n\n<p>14 mars :&nbsp;Premier exercice de nuit, utilisant des lampes torches pour la recherche d&rsquo;un corps \u00e0 la d\u00e9rive en lacets.<\/p>\n\n\n\n<p>18 mars :&nbsp;Encadrement et s\u00e9curisation&nbsp;de la comp\u00e9tition de rames &lsquo;Te Aito 2024&rsquo; avec trois bateaux et un jet ski.<\/p>\n\n\n\n<p>24 mars :&nbsp;Entra\u00eenement&nbsp;aux recherches en lacets \u00e0 mar\u00e9e basse, test de proc\u00e9dure d&rsquo;alerte par VHF en collaboration avec Wallis Radio et la gendarmerie.<\/p>\n\n\n\n<p>27 mars :&nbsp;Entra\u00eenement&nbsp;Navigation nocturne autour de l&rsquo;\u00eele \u00e0 la pleine lune avec quatre bateaux, gestion d&rsquo;une panne r\u00e9elle et remorquage.<\/p>\n\n\n\n<p>31 mars :&nbsp;Simulation&nbsp;Intervention sur un catamaran chavir\u00e9, entra\u00eenement au retournement et remorquage en collaboration avec l&rsquo;association Vakala.<\/p>\n\n\n\n<p>6 avril&nbsp;:&nbsp;Simulation&nbsp;intervention sur un rameur de nuit.<\/p>\n\n\n\n<p>13 avril&nbsp;:&nbsp;Simulation&nbsp;intervention sur un bateau en panne<\/p>\n\n\n\n<p>20 avril&nbsp;:&nbsp;Premi\u00e8re simulation surprise&nbsp;: intervention de nuit sur un bateau en panne dans le lagon (recherche et remorquage en situation r\u00e9elle)<\/p>\n\n\n\n<p>27 avril&nbsp;:&nbsp;Simulation&nbsp;: intervention sur un kayak (recherche et remorquage)<\/p>\n\n\n\n<p>18 mai&nbsp;:&nbsp;Entra\u00eenement&nbsp;\u00e0 la r\u00e9cup\u00e9ration d\u2019un kitesurf en d\u00e9tresse et en pleine eau ainsi que son mat\u00e9riel dans des conditions de faciles (8-10 knts)<\/p>\n\n\n\n<p>26 mai&nbsp;:&nbsp;S\u00e9curisation&nbsp;d\u2019une comp\u00e9tition de Rame l\u2019AVH Contest organis\u00e9e par le club A Vaka Hekea&nbsp;: s\u00e9curisation des courses va\u2019a adultes (14km) et enfants (3,5 km)<\/p>\n\n\n\n<p>8 juin&nbsp;:&nbsp;Formation&nbsp;des b\u00e9n\u00e9voles wls au pilotage du jet ski et \u00e0 la r\u00e9cup\u00e9ration d\u2019un corps (retransmission de la formation suivie en m\u00e9tropole par le pr\u00e9sident et directeur WLS avec le CFI SNSM de Toulouse)<\/p>\n\n\n\n<p>14 juin&nbsp;:&nbsp;Premi\u00e8re intervention&nbsp;sur un bateau retourn\u00e9&nbsp;dans la nuit sur le r\u00e9cif avec&nbsp;<br>5 p\u00e9cheurs \u00e0 la mer&nbsp;\u00e0 localiser puis r\u00e9cup\u00e9r\u00e9s sur l\u2019ilot Faioa puis ramen\u00e9 \u00e0 Halalo.<\/p>\n\n\n\n<p>4 sauveteurs mobilis\u00e9s sur WLS1 et WLS2&nbsp;avec soutien du SAMPP<\/p>\n\n\n\n<ul class=\"wp-block-list\">\n<li>Collaboration avec le service des affaires maritimes et phares et balises<\/li>\n\n\n\n<li>Recherche des naufrag\u00e9s entre la passe Fugauvea et l\u2019ilot Faioa<\/li>\n\n\n\n<li>Utilisation du drone en recherche SAR<\/li>\n\n\n\n<li>D\u00e9s\u00e9chouement du bateau retourn\u00e9 sur le r\u00e9cif et remorquage.&nbsp;<\/li>\n<\/ul>\n\n\n\n<p>17 juin&nbsp;:&nbsp;Mission de surveillance&nbsp;pour une sortie scolaire<\/p>\n\n\n\n<p>2 b\u00e9n\u00e9voles de l&rsquo;association \u00e0 bord du WLS2 (WLS1 en maintenance), ont surveill\u00e9 une sortie scolaire des \u00e9l\u00e8ves de 2nde du Lyc\u00e9e Professionnel Agricole.<\/p>\n\n\n\n<p>20 juin&nbsp;:&nbsp;Entra\u00eenement de nuit&nbsp;WLS1 et WLS2&nbsp;&nbsp;<\/p>\n\n\n\n<ul class=\"wp-block-list\">\n<li>Assistance et remorquage d\u2019un bateau en panne<\/li>\n\n\n\n<li>Recherche d\u2019une embarcation de nuit<\/li>\n\n\n\n<li>Recherche d\u2019un corps \u00e0 la d\u00e9rive de nuit.<\/li>\n<\/ul>\n\n\n\n<p>24 juin&nbsp;:&nbsp;S\u00e9curisation&nbsp;de la comp\u00e9tition de rame Havili challenge avec le jet ski et 2 sauveteurs zone nord<\/p>\n\n\n\n<p>30 juin&nbsp;:&nbsp;S\u00e9curisation&nbsp;comp\u00e9tition de rame Havili challenge et premier exercice \u00e0 l\u2019ext\u00e9rieur du lagon.<\/p>\n\n\n\n<ul class=\"wp-block-list\">\n<li>&nbsp;Surveillance de la course relais V1 (3x3km) organis\u00e9e \u00e0 Hihifo<\/li>\n\n\n\n<li>Entra\u00eenement \u00e0 des man\u0153uvres de sauvetage \u00e0 l\u2019ext\u00e9rieur du lagon&nbsp;: remorquage de bateau \u00e0 l\u2019ext\u00e9rieur du lagon (une premi\u00e8re pour WLS !!) et recherche puis r\u00e9cup\u00e9ration d\u2019une personne suppos\u00e9e \u00e0 la d\u00e9rive<\/li>\n<\/ul>\n\n\n\n<p>12 Juillet&nbsp;:&nbsp;Formation&nbsp;au secourisme avec 2 formateurs au PSC1<\/p>\n\n\n\n<p>21 juillet :&nbsp;S\u00e9curisation&nbsp;rassemblement kitesurf \u00e0 nukuhione (zone centre) 2 \u00e9quipages ( 6 sauveteurs sur WLS1 et WLS2 + jetski. Formation \u00e0 l\u2019intervention sp\u00e9cifique sur un kiteur ou wing puis mise en pratique .<\/p>\n\n\n\n<p>26 Juillet&nbsp;:&nbsp;Intervention&nbsp;sur un p\u00e9cheur en panne \u00e0 l\u2019ext\u00e9rieur du lagon&nbsp;<br>2 personnes en d\u00e9tresse \u00e0 la merci des vagues&nbsp;&nbsp;&nbsp;. zone Nord (derri\u00e8re l\u2019ilot Nukuloa)&nbsp;&nbsp;<\/p>\n\n\n\n<p>3 sauveteurs engag\u00e9s et 2 m\u00e9caniciens volontaires d\u00e9ploy\u00e9s en pleine mer&nbsp;.<\/p>\n\n\n\n<p>Suite \u00e0 une alerte du service des p\u00eaches : intervention r\u00e9alis\u00e9e avec le bateau WLS1 sous dimensionn\u00e9 pour ce&nbsp;&nbsp;type de&nbsp;intervention hors lagon et un bateau de 8m \u00e0 porter secours.<\/p>\n\n\n\n<ul class=\"wp-block-list\">\n<li>Coordination par la gendarmerie&nbsp;<\/li>\n\n\n\n<li>Arriv\u00e9e rapide sur zone (nous aurions pu sauver les hommes mais pas le bateau)<\/li>\n\n\n\n<li>\u00c9chec du remorquage sur un bateau de 8m plein oc\u00e9an avec WLS1.<\/li>\n\n\n\n<li>Demande d\u2019assistance \u00e0 Tomi Lie et son gros bateau (9,3m 2*200ch) qui arrivera avec 2 m\u00e9caniciens volontaires 1h30 apr\u00e8s wls1 et proc\u00e9dera au remorquage<\/li>\n\n\n\n<li>Nous avons clairement touch\u00e9 les limites des moyens disponibles \u00e0 l\u2019association WLS&nbsp;<\/li>\n\n\n\n<li><img loading=\"lazy\" decoding=\"async\" width=\"133\" height=\"101\" src=\"blob:https:\/\/wls.malo.wf\/b88fd0a9-8f6a-47f2-8fbf-d5db32108233\"><\/li>\n<\/ul>\n\n\n\n<p>3 ao\u00fbt&nbsp;:&nbsp;Entra\u00eenement&nbsp;pilotage :&nbsp;prise en main du bateau WLS1, exercices de secours en mer et test de l\u2019ancre flottante. Cette sortie a \u00e9t\u00e9 l\u2019occasion de donner confiance \u00e0 2 b\u00e9n\u00e9voles + un tuteur sur le pilotage et les man\u0153uvres \u00e0 bord du WLS1<\/p>\n\n\n\n<p>8 ao\u00fbt&nbsp;:&nbsp;S\u00e9curisation&nbsp;de la semaine de kitesurf de Phoebe Rocher (championne du monde junior ) et des jeunes kiteurs du territoire pour Wallis Kite Acad\u00e9mie&nbsp;. zone sud (Ilot Faioa) WLS1 + jet ski&nbsp;&nbsp;avec 2 \u00e9quipages (4 sauveteurs )<\/p>\n\n\n\n<p>9 ao\u00fbt&nbsp;:&nbsp;S\u00e9curisation&nbsp;de la semaine de kitesurf de Phoebe Rocher (championne du monde junior) et des jeunes kiteurs du territoire pour Wallis Kite Acad\u00e9mie&nbsp;. zone sud (Ilot saint Christophe)&nbsp;&nbsp;WLS1 avec 1 \u00e9quipage (3 sauveteurs)<\/p>\n\n\n\n<p>10 ao\u00fbt&nbsp;:&nbsp;S\u00e9curisation&nbsp;de la semaine de kitesurf de Phoebe rocher (championne du monde junior) et des jeunes kiteurs du territoire pour Wallis Kite Acad\u00e9mie&nbsp;. zone centre (Ilot Nukuhione)&nbsp;&nbsp;WLS1 et WLS2 avec 2 \u00e9quipages (4 sauveteurs)<\/p>\n\n\n\n<p>31 ao\u00fbt&nbsp;:&nbsp;Intervention&nbsp;sur un taxi boat retourn\u00e9 de nuit en pleine alerte vent fort (BMS) avec 35 knts de vent pour secourir&nbsp;:<\/p>\n\n\n\n<p>17 personnes en d\u00e9tresse suite au naufrage d\u2019un taxi boat contenant 13 personnes dont 8 enfants&nbsp;zone sud (Faioa matala\u2019a)&nbsp;&nbsp;<\/p>\n\n\n\n<p>7 sauveteurs engag\u00e9s dont 4 en mer.<\/p>\n\n\n\n<p>Suite \u00e0 un d\u00e9clenchement de la gendarmerie en pleine&nbsp;&nbsp;alerte de vent fort (BMS) de nuit &nbsp;: intervention r\u00e9alis\u00e9e avec les deux bateaux WLS1 et WLS2 sous dimensionn\u00e9s pour ce&nbsp;&nbsp;type de conditions trop difficiles (35Knts + BMS)&nbsp;&nbsp;<\/p>\n\n\n\n<ul class=\"wp-block-list\">\n<li>Coordination par la gendarmerie&nbsp;<\/li>\n\n\n\n<li>Premier d\u00e9c\u00e8s avec une personne noy\u00e9e avant notre arriv\u00e9e sur place<\/li>\n\n\n\n<li>Collaboration avec le service des pompiers pour r\u00e9cup\u00e9ration des naufrag\u00e9s et de la victime&nbsp;&nbsp;<\/li>\n\n\n\n<li>Audition pour Enqu\u00eate gendarmerie.<\/li>\n<\/ul>\n\n\n\n<p>01 septembre&nbsp;: Intervention&nbsp;pour r\u00e9cup\u00e9ration personnes coinc\u00e9s sur l\u2019ilot en alerte vent fort (BMS)<\/p>\n\n\n\n<p>13 personnes coinc\u00e9s sur l\u2019ilot&nbsp;Faioa<\/p>\n\n\n\n<p>10 sauveteurs engag\u00e9s dont 9 en mer .<\/p>\n\n\n\n<p>Suite \u00e0 un d\u00e9clenchement de la gendarmerie en pleine alerte de vent fort BMS&nbsp;: Fait suite \u00e0 l\u2019intervention du 31 aout, a \u00e9t\u00e9 r\u00e9alis\u00e9e avec le bateau de Tomi Lie (9,3m 2* 200ch)&nbsp;&nbsp;et le bateau de Cedric Combes (9M 2x 250ch). Nous avons au petit matin juste apr\u00e8s le drame d\u00e9ploy\u00e9 deux gros bateaux de nos b\u00e9n\u00e9voles pour r\u00e9cup\u00e9rer les 13 personnes suppl\u00e9mentaires qui avaient pass\u00e9 la nuit \u00e0 l\u2019ilot pendant l\u2019alerte vent fort (BMS)<\/p>\n\n\n\n<ul class=\"wp-block-list\">\n<li>Coordination par la gendarmerie&nbsp;<\/li>\n\n\n\n<li>Besoin de bateau avec une tenue en mer suffisante et une capacit\u00e9 suffisante pour ce type d\u2019intervention.<\/li>\n\n\n\n<li>Collaboration avec le service des urgences pour la mise \u00e0 disposition d\u2019un m\u00e9decin urgentiste avec son mat\u00e9riel \u00e0 bord.<\/li>\n\n\n\n<li>Une fois de plus les moyens disponibles dans la structure n\u2019aurait pas pu garantir une s\u00e9curit\u00e9 minimale pour les sauveteurs et les requ\u00e9rants.&nbsp;Cette intervention \u00e9tait impossible avec les petits bateaux actuellement disponibles, incapables de transporter plus de 5 personnes hors \u00e9quipage.<\/li>\n<\/ul>\n\n\n\n<p>6 septembre&nbsp;:&nbsp;S\u00e9curisation sortie scolaire&nbsp;avec l\u2019association Faiva Tautai<br>Compos\u00e9e de p\u00eacheurs professionnels de Wallis, sur l\u2019aire marine prot\u00e9g\u00e9e dans le lagon nord-est.<\/p>\n\n\n\n<p>Une matin\u00e9e de d\u00e9couverte de cette aire a \u00e9t\u00e9 organis\u00e9e aupr\u00e8s d&rsquo;une classe de 6\u00e8me du coll\u00e8ge de Mataotama. Cette initiative a \u00e9t\u00e9 appuy\u00e9e par le service p\u00eache de la&nbsp;DSA ,&nbsp;l&rsquo;association les enfants du lagon s\u00e9curis\u00e9e sur place par&nbsp;Wallis Lagon s\u00e9curit\u00e9 avec un \u00e9quipage en surveillance sur WLS1.<\/p>\n\n\n\n<p>08 septembre&nbsp;:&nbsp;Intervention&nbsp;pour assistance suite alerte vent fort (BMS)<\/p>\n\n\n\n<p>4 personnes coinc\u00e9s sur l\u2019ilot&nbsp;Nukuhifala<\/p>\n\n\n\n<p>10 sauveteurs engag\u00e9s dont 4 en mer.<\/p>\n\n\n\n<p>D\u00e9clenchement de la gendarmerie pour 4 personnes coinc\u00e9es sur l\u2019ilot Nukuhifake pendant une alerte de vent fort BMS&nbsp;: intervention d\u2019abords avort\u00e9e le 7 septembre pour des conditions trop difficiles (35Knts + BMS) puis r\u00e9alis\u00e9e le dimanche 8 septembre avec le bateau de Tomi Lie (9,3m 2* 200ch) car WLS1 et WLS2 n\u2019\u00e9tant pas dimensionn\u00e9s pour ce type d\u2019interventions risqu\u00e9es.<\/p>\n\n\n\n<ul class=\"wp-block-list\">\n<li>Coordination par la gendarmerie&nbsp;<\/li>\n\n\n\n<li>Premi\u00e8re mise en place d\u2019une \u00e9quipe de spoteurs \u00e0 terre pour suivre la position du bateau tout au long de l\u2019intervention.<\/li>\n\n\n\n<li>Collaboration avec le service des urgences pour vigilance<\/li>\n\n\n\n<li>Patrouille gendarmerie mobile pour suivie le long de la cote<\/li>\n\n\n\n<li>Une fois de plus les moyens disponibles dans la structure n\u2019auraient pas pu garantir une s\u00e9curit\u00e9 minimale pour les sauveteurs et les requ\u00e9rants.<\/li>\n<\/ul>\n\n\n\n<h2 class=\"wp-block-heading\">Conclusion<\/h2>\n\n\n\n<p>Ces six premiers mois ont \u00e9t\u00e9 extr\u00eamement formateurs pour l&rsquo;Association Wallis Lagon S\u00e9curit\u00e9, t\u00e9moignant de notre engagement \u00e0 am\u00e9liorer continuellement nos capacit\u00e9s de r\u00e9ponse aux urgences. La collaboration avec la SNSM a \u00e9t\u00e9 un atout majeur, nous permettant d&rsquo;int\u00e9grer des techniques avanc\u00e9es de sauvetage et de renforcer la s\u00e9curit\u00e9 maritime.<\/p>\n\n\n\n<p>Le don par la SNSM d&rsquo;un mat\u00e9riel semi-rigide de 6m monomoteur apportera une am\u00e9lioration dans la capacit\u00e9 mat\u00e9rielle d&rsquo;intervention. Il faut en effet rappeler que les 2 bateaux actuellement disponibles, mis \u00e0 disposition par B. Negraz, pr\u00e9sentent des limites de navigabilit\u00e9 et de s\u00e9curit\u00e9. Par mer forte le mat\u00e9riel actuel fait courir un risque aux b\u00e9n\u00e9voles lors de telles interventions.<\/p>\n\n\n\n<p><img loading=\"lazy\" decoding=\"async\" width=\"57\" height=\"55\" src=\"blob:https:\/\/wls.malo.wf\/1c67e14d-0ae1-4642-a93e-19215d1cb831\">Mais m\u00eame avec le semi-rigide de 6m monomoteur les capacit\u00e9s d&rsquo;intervention resteront limit\u00e9es&nbsp;.<strong>L&rsquo;acquisition d&rsquo;un bateau hauturier reste indispensable<\/strong>, avec une double motorisation, ainsi qu&rsquo;une cabine permettant d&rsquo;intervenir dans des conditions de s\u00e9curit\u00e9 acceptables pour les b\u00e9n\u00e9voles.<\/p>\n\n\n\n<p><\/p>\n","protected":false},"excerpt":{"rendered":"<p>Bilan d&rsquo;Activit\u00e9&nbsp;&nbsp;2024 Du 2 mars 2024 (d\u00e9marrage) au 9 septembre 2024 (6 mois pour changer la s\u00e9curit\u00e9 en mer \u00e0 Wallis ) L&rsquo;Association Wallis Lagon S\u00e9curit\u00e9 a officiellement lanc\u00e9 ses op\u00e9rations le 2 mars 2024, marquant le d\u00e9but d&rsquo;une s\u00e9rie d\u2019entra\u00eenements et simulations hebdomadaires con\u00e7ues pour tester et renforcer nos capacit\u00e9s d&rsquo;intervention et de gestion [&hellip;]<\/p>\n","protected":false},"author":1,"featured_media":0,"parent":0,"menu_order":0,"comment_status":"closed","ping_status":"closed","template":"","meta":{"footnotes":""},"class_list":["post-201","page","type-page","status-publish","hentry"],"_links":{"self":[{"href":"https:\/\/wls.malo.wf\/index.php\/wp-json\/wp\/v2\/pages\/201","targetHints":{"allow":["GET"]}}],"collection":[{"href":"https:\/\/wls.malo.wf\/index.php\/wp-json\/wp\/v2\/pages"}],"about":[{"href":"https:\/\/wls.malo.wf\/index.php\/wp-json\/wp\/v2\/types\/page"}],"author":[{"embeddable":true,"href":"https:\/\/wls.malo.wf\/index.php\/wp-json\/wp\/v2\/users\/1"}],"replies":[{"embeddable":true,"href":"https:\/\/wls.malo.wf\/index.php\/wp-json\/wp\/v2\/comments?post=201"}],"version-history":[{"count":3,"href":"https:\/\/wls.malo.wf\/index.php\/wp-json\/wp\/v2\/pages\/201\/revisions"}],"predecessor-version":[{"id":209,"href":"https:\/\/wls.malo.wf\/index.php\/wp-json\/wp\/v2\/pages\/201\/revisions\/209"}],"wp:attachment":[{"href":"https:\/\/wls.malo.wf\/index.php\/wp-json\/wp\/v2\/media?parent=201"}],"curies":[{"name":"wp","href":"https:\/\/api.w.org\/{rel}","templated":true}]}}