{"id":156,"date":"2023-12-12T08:24:03","date_gmt":"2023-12-12T07:24:03","guid":{"rendered":"https:\/\/wls.malo.wf\/?page_id=156"},"modified":"2023-12-13T18:45:15","modified_gmt":"2023-12-13T17:45:15","slug":"adhesion","status":"publish","type":"page","link":"https:\/\/wls.malo.wf\/index.php\/adhesion\/","title":{"rendered":"devenir b\u00e9n\u00e9vole"},"content":{"rendered":"\n<p>Pour devenir membre de l&rsquo;association et aider \u00e0 toutes ses misions.<\/p>\n\n\n\n<p><strong>Logistique :<\/strong><br>Aider \u00e0 l&rsquo;organisation de la structure : Mail , documents partag\u00e9s, planning d&rsquo;astreinte et de patrouilles , organisation entretien , stock carburant et vivres<\/p>\n\n\n\n<p><strong>Communication<\/strong>:<br>sponsoring, animation site web et r\u00e9seaux sociaux, tshirts, animation stand collecte de dons et vente de tshirt , soir\u00e9es, bilan moral s&rsquo;activit\u00e9\u2026..<\/p>\n\n\n\n<p><strong>Astreinte \/ patrouilles :<\/strong> <br>Effectue 1 \u00e0 2 semaines d&rsquo;astreinte avec une patrouille par semaine Titulaire d&rsquo;un permis bateau .<br>S&rsquo;engage \u00e0 garder 7 jours le t\u00e9l\u00e9phone d&rsquo;astreinte et \u00e0 \u00eatre joignable et mobilisable imm\u00e9diatement 24H\/24<\/p>\n\n\n\n<p><strong>Entretien \/Maintenance : <\/strong><br>Entretien du bateau et du mat\u00e9riel , mouillage<\/p>\n\n\n\n<p><strong>Formation:<\/strong><br>1) se former \u00e0 distance aupr\u00e8s de la SNSM et du COSS puis organiser des formations locales .<br>&#8211; organisation des astreintes<br>&#8211; PSC2 , PSCE1 , PSCE2<br>&#8211; sauvetage en mer<br>&#8211; utilisation du mat\u00e9riel sp\u00e9cifique<br>&#8211; recherches coordonn\u00e9es<br>1) Planifier , budg\u00e9tiser , mettre en oeuvre minimum une formation annuelle par un professionnel de l&rsquo;ext\u00e9rieur pour les b\u00e9n\u00e9voles de la WLS.<\/p>\n\n\n\n<p><strong>Hi-tech : <\/strong><br>pr\u00e9-programmer tous les GPS , gestion des montres satellite, AIS, tracker. maintenance du drive et du site web ,<\/p>\n\n\n\n<p><strong>Remplissez le formulaire suivant pour devenir membre actif de la s\u00e9curit\u00e9 en mer <\/strong><\/p>\n\n\n\n<div class=\"wp-block-buttons is-layout-flex wp-block-buttons-is-layout-flex\">\n<div class=\"wp-block-button\"><a class=\"wp-block-button__link wp-element-button\" href=\"https:\/\/www.supersaas.fr\/form\/wls\/adh%C3%A9sion\" target=\"_blank\" rel=\"noreferrer noopener\">Formulaire adh\u00e9sion b\u00e9n\u00e9vole<\/a><\/div>\n<\/div>\n","protected":false},"excerpt":{"rendered":"<p>Pour devenir membre de l&rsquo;association et aider \u00e0 toutes ses misions. Logistique :Aider \u00e0 l&rsquo;organisation de la structure : Mail , documents partag\u00e9s, planning d&rsquo;astreinte et de patrouilles , organisation entretien , stock carburant et vivres Communication:sponsoring, animation site web et r\u00e9seaux sociaux, tshirts, animation stand collecte de dons et vente de tshirt , soir\u00e9es, [&hellip;]<\/p>\n","protected":false},"author":1,"featured_media":0,"parent":0,"menu_order":0,"comment_status":"closed","ping_status":"closed","template":"","meta":{"footnotes":""},"class_list":["post-156","page","type-page","status-publish","hentry"],"_links":{"self":[{"href":"https:\/\/wls.malo.wf\/index.php\/wp-json\/wp\/v2\/pages\/156","targetHints":{"allow":["GET"]}}],"collection":[{"href":"https:\/\/wls.malo.wf\/index.php\/wp-json\/wp\/v2\/pages"}],"about":[{"href":"https:\/\/wls.malo.wf\/index.php\/wp-json\/wp\/v2\/types\/page"}],"author":[{"embeddable":true,"href":"https:\/\/wls.malo.wf\/index.php\/wp-json\/wp\/v2\/users\/1"}],"replies":[{"embeddable":true,"href":"https:\/\/wls.malo.wf\/index.php\/wp-json\/wp\/v2\/comments?post=156"}],"version-history":[{"count":7,"href":"https:\/\/wls.malo.wf\/index.php\/wp-json\/wp\/v2\/pages\/156\/revisions"}],"predecessor-version":[{"id":168,"href":"https:\/\/wls.malo.wf\/index.php\/wp-json\/wp\/v2\/pages\/156\/revisions\/168"}],"wp:attachment":[{"href":"https:\/\/wls.malo.wf\/index.php\/wp-json\/wp\/v2\/media?parent=156"}],"curies":[{"name":"wp","href":"https:\/\/api.w.org\/{rel}","templated":true}]}}