{"id":105,"date":"2023-12-02T23:40:39","date_gmt":"2023-12-02T22:40:39","guid":{"rendered":"https:\/\/wls.malo.wf\/?page_id=105"},"modified":"2023-12-07T04:54:35","modified_gmt":"2023-12-07T03:54:35","slug":"nos-actions","status":"publish","type":"page","link":"https:\/\/wls.malo.wf\/index.php\/nos-actions\/","title":{"rendered":"Nos actions"},"content":{"rendered":"\n<p><strong>La WSL s&rsquo;engage sur des actions concr\u00e8tes de s\u00e9curisation du lagon de Wallis <\/strong><\/p>\n\n\n\n<ul class=\"wp-block-list\">\n<li>Cr\u00e9er des protocoles sp\u00e9cifiques d&rsquo;intervention en mer en cas de probl\u00e8mes d&rsquo;un plaisancier , d&rsquo;un kitesurf , d&rsquo;un p\u00eacheur, d&rsquo;un rameur &#8230;<\/li>\n\n\n\n<li>Assurer une pr\u00e9sence maritime r\u00e9guli\u00e8re sur le lagon de Wallis et \u00e0 l&rsquo;ext\u00e9rieur.<\/li>\n\n\n\n<li>Intervenir rapidement en cas de panne d\u2019un plaisancier ou d\u2019un p\u00eacheur.<\/li>\n\n\n\n<li>R\u00e9cup\u00e9rer des personnes coinc\u00e9es sur un \u00eelot.<\/li>\n\n\n\n<li>Collaborer avec la gendarmerie pour coordonner des recherches de corps ou d\u2019embarcation.<\/li>\n\n\n\n<li>Cr\u00e9er des protocoles de recherches. <\/li>\n\n\n\n<li>Assurer des missions de surveillance du lagon et de ses abords.<\/li>\n\n\n\n<li>Participer \u00e0 la s\u00e9curisation des comp\u00e9titions ou rassemblements de sports nautiques.<\/li>\n\n\n\n<li>Guider les bateaux plaisanciers vers les zones d\u2019encrage d\u00e9di\u00e9es pour l\u2019entr\u00e9e \u00e0 Wallis et Futuna.<\/li>\n\n\n\n<li>Aider aux proc\u00e9dures de secours en cas de crash d\u2019un avion en mer. <\/li>\n\n\n\n<li>Organiser des stocks de carburant pour le d\u00e9ploiement imm\u00e9diat des moyens de recherche (WLS, p\u00eacheurs ou particuliers). <\/li>\n\n\n\n<li>Organiser des simulations de recherches pour am\u00e9liorer la coordination des forces maritimes du territoire.<\/li>\n<\/ul>\n\n\n\n<figure class=\"wp-block-image size-large\"><img loading=\"lazy\" decoding=\"async\" width=\"1024\" height=\"576\" src=\"https:\/\/wls.malo.wf\/wp-content\/uploads\/2023\/12\/recherches-Faioa-245-1024x576.jpg\" alt=\"\" class=\"wp-image-19\" srcset=\"https:\/\/wls.malo.wf\/wp-content\/uploads\/2023\/12\/recherches-Faioa-245-1024x576.jpg 1024w, https:\/\/wls.malo.wf\/wp-content\/uploads\/2023\/12\/recherches-Faioa-245-300x169.jpg 300w, https:\/\/wls.malo.wf\/wp-content\/uploads\/2023\/12\/recherches-Faioa-245-768x432.jpg 768w, https:\/\/wls.malo.wf\/wp-content\/uploads\/2023\/12\/recherches-Faioa-245-1536x864.jpg 1536w, https:\/\/wls.malo.wf\/wp-content\/uploads\/2023\/12\/recherches-Faioa-245.jpg 1920w\" sizes=\"auto, (max-width: 1024px) 100vw, 1024px\" \/><\/figure>\n\n\n\n<figure class=\"wp-block-image aligncenter size-full\"><img loading=\"lazy\" decoding=\"async\" width=\"284\" height=\"274\" src=\"https:\/\/wls.malo.wf\/wp-content\/uploads\/2023\/12\/logo-wls3-e1701551803462.png\" alt=\"\" class=\"wp-image-41\"\/><\/figure>\n","protected":false},"excerpt":{"rendered":"<p>La WSL s&rsquo;engage sur des actions concr\u00e8tes de s\u00e9curisation du lagon de Wallis<\/p>\n","protected":false},"author":1,"featured_media":0,"parent":0,"menu_order":0,"comment_status":"closed","ping_status":"closed","template":"","meta":{"footnotes":""},"class_list":["post-105","page","type-page","status-publish","hentry"],"_links":{"self":[{"href":"https:\/\/wls.malo.wf\/index.php\/wp-json\/wp\/v2\/pages\/105","targetHints":{"allow":["GET"]}}],"collection":[{"href":"https:\/\/wls.malo.wf\/index.php\/wp-json\/wp\/v2\/pages"}],"about":[{"href":"https:\/\/wls.malo.wf\/index.php\/wp-json\/wp\/v2\/types\/page"}],"author":[{"embeddable":true,"href":"https:\/\/wls.malo.wf\/index.php\/wp-json\/wp\/v2\/users\/1"}],"replies":[{"embeddable":true,"href":"https:\/\/wls.malo.wf\/index.php\/wp-json\/wp\/v2\/comments?post=105"}],"version-history":[{"count":5,"href":"https:\/\/wls.malo.wf\/index.php\/wp-json\/wp\/v2\/pages\/105\/revisions"}],"predecessor-version":[{"id":139,"href":"https:\/\/wls.malo.wf\/index.php\/wp-json\/wp\/v2\/pages\/105\/revisions\/139"}],"wp:attachment":[{"href":"https:\/\/wls.malo.wf\/index.php\/wp-json\/wp\/v2\/media?parent=105"}],"curies":[{"name":"wp","href":"https:\/\/api.w.org\/{rel}","templated":true}]}}